{"id":5554,"date":"2022-06-01T03:49:39","date_gmt":"2022-06-01T03:49:39","guid":{"rendered":"https:\/\/www.motonetgp.fi\/lappeenranta-24-8\/paasyliput\/"},"modified":"2024-07-08T13:41:24","modified_gmt":"2024-07-08T13:41:24","slug":"paasyliput","status":"publish","type":"page","link":"https:\/\/www.motonetgp.fi\/en\/lappeenranta\/paasyliput\/","title":{"rendered":"Tickets"},"content":{"rendered":"\n\t<section class=\"section\" id=\"section_112695364\">\n\t\t<div class=\"section-bg fill\" >\n\t\t\t\t\t\t\t\t\t\n\t\t\t\n\n\t\t<\/div>\n\n\t\t\n\n\t\t<div class=\"section-content relative\">\n\t\t\t\n<div class=\"row row-collapse\"  id=\"row-24686472\">\n\n\t<div id=\"col-1412282374\" class=\"col small-12 large-12\"  >\n\t\t\t\t<div class=\"col-inner\"  >\n\t\t\t\n\t\t\t\n\n  <div class=\"banner has-hover motohead\" id=\"banner-1829988342\">\n          <div class=\"banner-inner fill\">\n        <div class=\"banner-bg fill\" >\n            <img decoding=\"async\" width=\"1200\" height=\"900\" src=\"https:\/\/www.motonetgp.fi\/wp-content\/uploads\/2022\/06\/Ruotsi-ottelu-2018\u00a9Sanna-Hillberg-26.jpg\" class=\"bg attachment-original size-original\" alt=\"\" \/>                                    \n                    <\/div>\n\t\t\n        <div class=\"banner-layers container\">\n            <div class=\"fill banner-link\"><\/div>            \n   <div id=\"text-box-741009980\" class=\"text-box banner-layer x50 md-x50 lg-x50 y50 md-y50 lg-y50 res-text\">\n                                <div class=\"text-box-content text dark\">\n              \n              <div class=\"text-inner text-center\">\n                  \n<p>Tickets<\/p>\n              <\/div>\n           <\/div>\n                            \n<style>\n#text-box-741009980 {\n  width: 60%;\n}\n#text-box-741009980 .text-box-content {\n  font-size: 100%;\n}\n<\/style>\n    <\/div>\n \n        <\/div>\n      <\/div>\n\n            \n<style>\n#banner-1829988342 {\n  padding-top: 400px;\n}\n<\/style>\n  <\/div>\n\n\n\t\t<\/div>\n\t\t\t\t\t<\/div>\n\n\t\n<\/div>\n\t\t<\/div>\n\n\t\t\n<style>\n#section_112695364 {\n  padding-top: 0px;\n  padding-bottom: 0px;\n}\n<\/style>\n\t<\/section>\n\t\n\n\t<section class=\"section breadcrumb-block\" id=\"section_1442600424\">\n\t\t<div class=\"section-bg fill\" >\n\t\t\t\t\t\t\t\t\t\n\t\t\t\n\n\t\t<\/div>\n\n\t\t\n\n\t\t<div class=\"section-content relative\">\n\t\t\t\n\n\t<div id=\"gap-588632396\" class=\"gap-element clearfix\" style=\"display:block; height:auto;\">\n\t\t\n<style>\n#gap-588632396 {\n  padding-top: 15px;\n}\n<\/style>\n\t<\/div>\n\t\n\n<div class=\"row\"  id=\"row-2046071870\">\n\n\n\t<div id=\"col-449391687\" class=\"col small-12 large-12\"  >\n\t\t\t\t<div class=\"col-inner\"  >\n\t\t\t\n\t\t\t\n\n<div class=\"is-divider divider clearfix\" style=\"margin-top:10.0px;margin-bottom:10.0px;max-width:200px;height:8px;background-color:rgb(171, 178, 183);\"><\/div>\n\n\n\t\t<\/div>\n\t\t\t\t\t<\/div>\n\n\t\n\n<\/div>\n\n\t\t<\/div>\n\n\t\t\n<style>\n#section_1442600424 {\n  padding-top: 0px;\n  padding-bottom: 0px;\n}\n<\/style>\n\t<\/section>\n\t\n\n\t<section class=\"section\" id=\"section_1595651798\">\n\t\t<div class=\"section-bg fill\" >\n\t\t\t\t\t\t\t\t\t\n\t\t\t\n\n\t\t<\/div>\n\n\t\t\n\n\t\t<div class=\"section-content relative\">\n\t\t\t\n<div class=\"row\"  id=\"row-814252234\">\n\n\t<div id=\"col-630642995\" class=\"col medium-8 small-12 large-8\"  >\n\t\t\t\t<div class=\"col-inner\"  >\n\t\t\t\n\t\t\t\n<h1>Top athletics at the Kimpinen field again in summer 2024 \u2013 Motonet GP Lappeenranta on Wednesday 17th July 2024!<\/h1>\n<h2><strong>Tickets:<\/strong><\/h2>\n<p><a href=\"https:\/\/events.liveto.io\/events\/motonet-gp-lappeenranta-1\">BUY TICKETS<\/a><\/p>\n<p>The Lappeenranta Motonet GP competition brings together our top domestic athletes and foreign reinforcements. Come and experience a great evening of athletics. Tickets are now for sale!<\/p>\n<div>Until 16.7.:<\/div>\n<div>29\u20ac\/24\u20ac Main stand<\/div>\n<div>21\u20ac\/16\u20ac Area ticket<\/div>\n<div>\u00a0<\/div>\n<div>On the day of the event 17.7.:<\/div>\n<div>32\u20ac\/27\u20ac Main stand<\/p>\n<div>24\u20ac\/19\u20ac Area ticket<\/div>\n<\/div>\n<p>Reduced price: students, pensioners, conscripts, 12-17 years old. Children under 12 free with a parent (area ticket only, main stand children under 12 at reduced price).<\/p>\n<h2><strong>VIP ticket package:<\/strong><\/h2>\n<p>Tickets to the best seats in the main stand in a separate section, services in the VIP area, athlete visits and meals w\/ drinks are included in the price. The price is \u20ac80.<\/p>\n<p>Inquiries:<\/p>\n<p><strong>Julius Taskinen<\/strong>, +358 50 3435 500, <a href=\"mailto:julius.taskinen1@gmail.com\">julius.taskinen1@gmail.com<\/a><\/p>\n\t\t<\/div>\n\t\t\t\t\t<\/div>\n\n\t\n\n\t<div id=\"col-30812844\" class=\"col medium-4 small-12 large-4\"  >\n\t\t\t\t<div class=\"col-inner\"  >\n\t\t\t\n\t\t\t\n<div class=\"nav-wrapper\"><ul class=\"nav nav-uppercase nav-vertical nav-line text-left nav-left\"><p class=\"lead shortcode-error text-center\">Sorry, no pages was found<\/p><\/ul><\/div>\n\t\t<\/div>\n\t\t\t\t\t<\/div>\n\n\t\n<\/div>\n\t\t<\/div>\n\n\t\t\n<style>\n#section_1595651798 {\n  padding-top: 0px;\n  padding-bottom: 0px;\n}\n<\/style>\n\t<\/section>\n\t\n<p><script async src=\"https:\/\/api.liveto.io\/api\/v1\/dropshop\/a7f79456-3f39-4f14-83e5-6736cb8b01c8.js\"\/><\/p>\n<p>\n<\/script><\/p>\n","protected":false},"excerpt":{"rendered":"","protected":false},"author":21,"featured_media":0,"parent":4928,"menu_order":12,"comment_status":"closed","ping_status":"closed","template":"","meta":{"_acf_changed":false,"footnotes":""},"class_list":["post-5554","page","type-page","status-publish","hentry"],"acf":[],"yoast_head":"<!-- This site is optimized with the Yoast SEO plugin v27.4 - https:\/\/yoast.com\/product\/yoast-seo-wordpress\/ -->\n<title>Tickets - Motonet GP 2026<\/title>\n<meta name=\"description\" content=\"Osta p\u00e4\u00e4sylippusi Lappeenrannan Motonet GP -osakilpailuun 24.8.2022! Huippuyleisurheilua Kimpisen kent\u00e4ll\u00e4 j\u00e4lleen kes\u00e4ll\u00e4 2022 - Tule paikalle kokemaan hieno yleisurheiluilta.\" \/>\n<meta name=\"robots\" content=\"index, follow, max-snippet:-1, max-image-preview:large, max-video-preview:-1\" \/>\n<link rel=\"canonical\" href=\"https:\/\/www.motonetgp.fi\/en\/lappeenranta\/paasyliput\/\" \/>\n<meta property=\"og:locale\" content=\"en_US\" \/>\n<meta property=\"og:type\" content=\"article\" \/>\n<meta property=\"og:title\" content=\"Tickets - Motonet GP 2026\" \/>\n<meta property=\"og:description\" content=\"Osta p\u00e4\u00e4sylippusi Lappeenrannan Motonet GP -osakilpailuun 24.8.2022! Huippuyleisurheilua Kimpisen kent\u00e4ll\u00e4 j\u00e4lleen kes\u00e4ll\u00e4 2022 - Tule paikalle kokemaan hieno yleisurheiluilta.\" \/>\n<meta property=\"og:url\" content=\"https:\/\/www.motonetgp.fi\/en\/lappeenranta\/paasyliput\/\" \/>\n<meta property=\"og:site_name\" content=\"Motonet GP 2026\" \/>\n<meta property=\"article:modified_time\" content=\"2024-07-08T13:41:24+00:00\" \/>\n<meta name=\"twitter:card\" content=\"summary_large_image\" \/>\n<meta name=\"twitter:label1\" content=\"Est. reading time\" \/>\n\t<meta name=\"twitter:data1\" content=\"2 minutes\" \/>\n<script type=\"application\/ld+json\" class=\"yoast-schema-graph\">{\"@context\":\"https:\\\/\\\/schema.org\",\"@graph\":[{\"@type\":\"WebPage\",\"@id\":\"https:\\\/\\\/www.motonetgp.fi\\\/en\\\/lappeenranta\\\/paasyliput\\\/\",\"url\":\"https:\\\/\\\/www.motonetgp.fi\\\/en\\\/lappeenranta\\\/paasyliput\\\/\",\"name\":\"Tickets - Motonet GP 2026\",\"isPartOf\":{\"@id\":\"https:\\\/\\\/www.motonetgp.fi\\\/#website\"},\"datePublished\":\"2022-06-01T03:49:39+00:00\",\"dateModified\":\"2024-07-08T13:41:24+00:00\",\"description\":\"Osta p\u00e4\u00e4sylippusi Lappeenrannan Motonet GP -osakilpailuun 24.8.2022! Huippuyleisurheilua Kimpisen kent\u00e4ll\u00e4 j\u00e4lleen kes\u00e4ll\u00e4 2022 - Tule paikalle kokemaan hieno yleisurheiluilta.\",\"breadcrumb\":{\"@id\":\"https:\\\/\\\/www.motonetgp.fi\\\/en\\\/lappeenranta\\\/paasyliput\\\/#breadcrumb\"},\"inLanguage\":\"en-US\",\"potentialAction\":[{\"@type\":\"ReadAction\",\"target\":[\"https:\\\/\\\/www.motonetgp.fi\\\/en\\\/lappeenranta\\\/paasyliput\\\/\"]}]},{\"@type\":\"BreadcrumbList\",\"@id\":\"https:\\\/\\\/www.motonetgp.fi\\\/en\\\/lappeenranta\\\/paasyliput\\\/#breadcrumb\",\"itemListElement\":[{\"@type\":\"ListItem\",\"position\":1,\"name\":\"Etusivu\",\"item\":\"https:\\\/\\\/www.motonetgp.fi\\\/en\\\/\"},{\"@type\":\"ListItem\",\"position\":2,\"name\":\"Lappeenranta 17\\\/7\",\"item\":\"https:\\\/\\\/www.motonetgp.fi\\\/en\\\/?page_id=4928\"},{\"@type\":\"ListItem\",\"position\":3,\"name\":\"Tickets\"}]},{\"@type\":\"WebSite\",\"@id\":\"https:\\\/\\\/www.motonetgp.fi\\\/#website\",\"url\":\"https:\\\/\\\/www.motonetgp.fi\\\/\",\"name\":\"Motonet GP Suomi\",\"description\":\"Motonet GP series in Finland\",\"potentialAction\":[{\"@type\":\"SearchAction\",\"target\":{\"@type\":\"EntryPoint\",\"urlTemplate\":\"https:\\\/\\\/www.motonetgp.fi\\\/?s={search_term_string}\"},\"query-input\":{\"@type\":\"PropertyValueSpecification\",\"valueRequired\":true,\"valueName\":\"search_term_string\"}}],\"inLanguage\":\"en-US\"}]}<\/script>\n<!-- \/ Yoast SEO plugin. -->","yoast_head_json":{"title":"Tickets - Motonet GP 2026","description":"Osta p\u00e4\u00e4sylippusi Lappeenrannan Motonet GP -osakilpailuun 24.8.2022! Huippuyleisurheilua Kimpisen kent\u00e4ll\u00e4 j\u00e4lleen kes\u00e4ll\u00e4 2022 - Tule paikalle kokemaan hieno yleisurheiluilta.","robots":{"index":"index","follow":"follow","max-snippet":"max-snippet:-1","max-image-preview":"max-image-preview:large","max-video-preview":"max-video-preview:-1"},"canonical":"https:\/\/www.motonetgp.fi\/en\/lappeenranta\/paasyliput\/","og_locale":"en_US","og_type":"article","og_title":"Tickets - Motonet GP 2026","og_description":"Osta p\u00e4\u00e4sylippusi Lappeenrannan Motonet GP -osakilpailuun 24.8.2022! Huippuyleisurheilua Kimpisen kent\u00e4ll\u00e4 j\u00e4lleen kes\u00e4ll\u00e4 2022 - Tule paikalle kokemaan hieno yleisurheiluilta.","og_url":"https:\/\/www.motonetgp.fi\/en\/lappeenranta\/paasyliput\/","og_site_name":"Motonet GP 2026","article_modified_time":"2024-07-08T13:41:24+00:00","twitter_card":"summary_large_image","twitter_misc":{"Est. reading time":"2 minutes"},"schema":{"@context":"https:\/\/schema.org","@graph":[{"@type":"WebPage","@id":"https:\/\/www.motonetgp.fi\/en\/lappeenranta\/paasyliput\/","url":"https:\/\/www.motonetgp.fi\/en\/lappeenranta\/paasyliput\/","name":"Tickets - Motonet GP 2026","isPartOf":{"@id":"https:\/\/www.motonetgp.fi\/#website"},"datePublished":"2022-06-01T03:49:39+00:00","dateModified":"2024-07-08T13:41:24+00:00","description":"Osta p\u00e4\u00e4sylippusi Lappeenrannan Motonet GP -osakilpailuun 24.8.2022! Huippuyleisurheilua Kimpisen kent\u00e4ll\u00e4 j\u00e4lleen kes\u00e4ll\u00e4 2022 - Tule paikalle kokemaan hieno yleisurheiluilta.","breadcrumb":{"@id":"https:\/\/www.motonetgp.fi\/en\/lappeenranta\/paasyliput\/#breadcrumb"},"inLanguage":"en-US","potentialAction":[{"@type":"ReadAction","target":["https:\/\/www.motonetgp.fi\/en\/lappeenranta\/paasyliput\/"]}]},{"@type":"BreadcrumbList","@id":"https:\/\/www.motonetgp.fi\/en\/lappeenranta\/paasyliput\/#breadcrumb","itemListElement":[{"@type":"ListItem","position":1,"name":"Etusivu","item":"https:\/\/www.motonetgp.fi\/en\/"},{"@type":"ListItem","position":2,"name":"Lappeenranta 17\/7","item":"https:\/\/www.motonetgp.fi\/en\/?page_id=4928"},{"@type":"ListItem","position":3,"name":"Tickets"}]},{"@type":"WebSite","@id":"https:\/\/www.motonetgp.fi\/#website","url":"https:\/\/www.motonetgp.fi\/","name":"Motonet GP Suomi","description":"Motonet GP series in Finland","potentialAction":[{"@type":"SearchAction","target":{"@type":"EntryPoint","urlTemplate":"https:\/\/www.motonetgp.fi\/?s={search_term_string}"},"query-input":{"@type":"PropertyValueSpecification","valueRequired":true,"valueName":"search_term_string"}}],"inLanguage":"en-US"}]}},"_links":{"self":[{"href":"https:\/\/www.motonetgp.fi\/en\/wp-json\/wp\/v2\/pages\/5554","targetHints":{"allow":["GET"]}}],"collection":[{"href":"https:\/\/www.motonetgp.fi\/en\/wp-json\/wp\/v2\/pages"}],"about":[{"href":"https:\/\/www.motonetgp.fi\/en\/wp-json\/wp\/v2\/types\/page"}],"author":[{"embeddable":true,"href":"https:\/\/www.motonetgp.fi\/en\/wp-json\/wp\/v2\/users\/21"}],"replies":[{"embeddable":true,"href":"https:\/\/www.motonetgp.fi\/en\/wp-json\/wp\/v2\/comments?post=5554"}],"version-history":[{"count":0,"href":"https:\/\/www.motonetgp.fi\/en\/wp-json\/wp\/v2\/pages\/5554\/revisions"}],"up":[{"embeddable":true,"href":"https:\/\/www.motonetgp.fi\/en\/wp-json\/wp\/v2\/pages\/4928"}],"wp:attachment":[{"href":"https:\/\/www.motonetgp.fi\/en\/wp-json\/wp\/v2\/media?parent=5554"}],"curies":[{"name":"wp","href":"https:\/\/api.w.org\/{rel}","templated":true}]}}